{"id":573,"date":"2024-10-02T10:17:10","date_gmt":"2024-10-02T10:17:10","guid":{"rendered":"https:\/\/laurine-mahoungou.fr\/?page_id=573"},"modified":"2024-10-02T12:08:29","modified_gmt":"2024-10-02T12:08:29","slug":"mentions-legales","status":"publish","type":"page","link":"https:\/\/laurine-mahoungou.fr\/en\/mentions-legales\/","title":{"rendered":"Legal Policy"},"content":{"rendered":"<div data-elementor-type=\"wp-page\" data-elementor-id=\"573\" class=\"elementor elementor-573\" data-elementor-post-type=\"page\">\n\t\t\t\t\t\t<header class=\"elementor-section elementor-top-section elementor-element elementor-element-701d3c95 elementor-section-content-middle elementor-section-boxed elementor-section-height-default elementor-section-height-default\" data-id=\"701d3c95\" data-element_type=\"section\" data-e-type=\"section\">\n\t\t\t\t\t\t<div class=\"elementor-container elementor-column-gap-no\">\n\t\t\t\t\t<div class=\"elementor-column elementor-col-33 elementor-top-column elementor-element elementor-element-60dcc150\" data-id=\"60dcc150\" data-element_type=\"column\" data-e-type=\"column\">\n\t\t\t<div class=\"elementor-widget-wrap elementor-element-populated\">\n\t\t\t\t\t\t<div class=\"elementor-element elementor-element-49f16ff4 elementor-widget elementor-widget-theme-site-logo elementor-widget-image\" data-id=\"49f16ff4\" data-element_type=\"widget\" data-e-type=\"widget\" data-widget_type=\"theme-site-logo.default\">\n\t\t\t\t<div class=\"elementor-widget-container\">\n\t\t\t\t\t\t\t\t\t\t\t<a href=\"https:\/\/laurine-mahoungou.fr\/en\">\n\t\t\t<img fetchpriority=\"high\" decoding=\"async\" width=\"400\" height=\"400\" src=\"https:\/\/laurine-mahoungou.fr\/wp-content\/uploads\/2023\/08\/Logo-Laurine-MAHOUNGOU-Webmaster-freelance-e1727868429894-100x100.png\" class=\"attachment-full size-full wp-image-599\" alt=\"Logo Laurine MAHOUNGOU Webmaster freelance\" srcset=\"https:\/\/laurine-mahoungou.fr\/wp-content\/uploads\/2023\/08\/Logo-Laurine-MAHOUNGOU-Webmaster-freelance-e1727868429894.png 400w, https:\/\/laurine-mahoungou.fr\/wp-content\/uploads\/2023\/08\/Logo-Laurine-MAHOUNGOU-Webmaster-freelance-e1727868429894-300x300.png 300w, https:\/\/laurine-mahoungou.fr\/wp-content\/uploads\/2023\/08\/Logo-Laurine-MAHOUNGOU-Webmaster-freelance-e1727868429894-150x150.png 150w, https:\/\/laurine-mahoungou.fr\/wp-content\/uploads\/2023\/08\/Logo-Laurine-MAHOUNGOU-Webmaster-freelance-e1727868429894-100x100.png 100w\" sizes=\"(max-width: 400px) 100vw, 400px\" \/>\t\t\t\t<\/a>\n\t\t\t\t\t\t\t\t\t\t\t<\/div>\n\t\t\t\t<\/div>\n\t\t\t\t\t<\/div>\n\t\t<\/div>\n\t\t\t\t<div class=\"elementor-column elementor-col-66 elementor-top-column elementor-element elementor-element-109c0930\" data-id=\"109c0930\" data-element_type=\"column\" data-e-type=\"column\">\n\t\t\t<div class=\"elementor-widget-wrap elementor-element-populated\">\n\t\t\t\t\t\t<div class=\"elementor-element elementor-element-7bf956d5 elementor-nav-menu__align-end elementor-nav-menu--stretch elementor-nav-menu--dropdown-tablet elementor-nav-menu__text-align-aside elementor-nav-menu--toggle elementor-nav-menu--burger elementor-widget elementor-widget-nav-menu\" data-id=\"7bf956d5\" data-element_type=\"widget\" data-e-type=\"widget\" data-settings=\"{&quot;full_width&quot;:&quot;stretch&quot;,&quot;layout&quot;:&quot;horizontal&quot;,&quot;submenu_icon&quot;:{&quot;value&quot;:&quot;&lt;i class=\\&quot;fas fa-caret-down\\&quot; aria-hidden=\\&quot;true\\&quot;&gt;&lt;\\\/i&gt;&quot;,&quot;library&quot;:&quot;fa-solid&quot;},&quot;toggle&quot;:&quot;burger&quot;}\" data-widget_type=\"nav-menu.default\">\n\t\t\t\t<div class=\"elementor-widget-container\">\n\t\t\t\t\t\t\t\t<nav aria-label=\"Menu\" class=\"elementor-nav-menu--main elementor-nav-menu__container elementor-nav-menu--layout-horizontal e--pointer-overline e--animation-fade\">\n\t\t\t\t<ul id=\"menu-1-7bf956d5\" class=\"elementor-nav-menu\"><li class=\"menu-item menu-item-type-post_type menu-item-object-page menu-item-home menu-item-594\"><a href=\"https:\/\/laurine-mahoungou.fr\/en\/\" class=\"elementor-item menu-link\">Home<\/a><\/li>\n<li class=\"menu-item menu-item-type-post_type menu-item-object-page menu-item-593\"><a href=\"https:\/\/laurine-mahoungou.fr\/en\/creation-de-site-internet\/\" class=\"elementor-item menu-link\">Website Creation<\/a><\/li>\n<li class=\"menu-item menu-item-type-post_type menu-item-object-page menu-item-591\"><a href=\"https:\/\/laurine-mahoungou.fr\/en\/refonte-site-internet\/\" class=\"elementor-item menu-link\">Website Redesign<\/a><\/li>\n<li class=\"menu-item menu-item-type-post_type menu-item-object-page menu-item-592\"><a href=\"https:\/\/laurine-mahoungou.fr\/en\/consulting-marketing-digital\/\" class=\"elementor-item menu-link\">Digital Marketing Consulting<\/a><\/li>\n<li class=\"menu-item menu-item-type-post_type menu-item-object-page current_page_parent menu-item-742\"><a href=\"https:\/\/laurine-mahoungou.fr\/en\/blog\/\" class=\"elementor-item menu-link\">Blog<\/a><\/li>\n<\/ul>\t\t\t<\/nav>\n\t\t\t\t\t<div class=\"elementor-menu-toggle\" role=\"button\" tabindex=\"0\" aria-label=\"Menu Toggle\" aria-expanded=\"false\">\n\t\t\t<i aria-hidden=\"true\" role=\"presentation\" class=\"elementor-menu-toggle__icon--open eicon-menu-bar\"><\/i><i aria-hidden=\"true\" role=\"presentation\" class=\"elementor-menu-toggle__icon--close eicon-close\"><\/i>\t\t<\/div>\n\t\t\t\t\t<nav class=\"elementor-nav-menu--dropdown elementor-nav-menu__container\" aria-hidden=\"true\">\n\t\t\t\t<ul id=\"menu-2-7bf956d5\" class=\"elementor-nav-menu\"><li class=\"menu-item menu-item-type-post_type menu-item-object-page menu-item-home menu-item-594\"><a href=\"https:\/\/laurine-mahoungou.fr\/en\/\" class=\"elementor-item menu-link\" tabindex=\"-1\">Home<\/a><\/li>\n<li class=\"menu-item menu-item-type-post_type menu-item-object-page menu-item-593\"><a href=\"https:\/\/laurine-mahoungou.fr\/en\/creation-de-site-internet\/\" class=\"elementor-item menu-link\" tabindex=\"-1\">Website Creation<\/a><\/li>\n<li class=\"menu-item menu-item-type-post_type menu-item-object-page menu-item-591\"><a href=\"https:\/\/laurine-mahoungou.fr\/en\/refonte-site-internet\/\" class=\"elementor-item menu-link\" tabindex=\"-1\">Website Redesign<\/a><\/li>\n<li class=\"menu-item menu-item-type-post_type menu-item-object-page menu-item-592\"><a href=\"https:\/\/laurine-mahoungou.fr\/en\/consulting-marketing-digital\/\" class=\"elementor-item menu-link\" tabindex=\"-1\">Digital Marketing Consulting<\/a><\/li>\n<li class=\"menu-item menu-item-type-post_type menu-item-object-page current_page_parent menu-item-742\"><a href=\"https:\/\/laurine-mahoungou.fr\/en\/blog\/\" class=\"elementor-item menu-link\" tabindex=\"-1\">Blog<\/a><\/li>\n<\/ul>\t\t\t<\/nav>\n\t\t\t\t\t\t<\/div>\n\t\t\t\t<\/div>\n\t\t\t\t\t<\/div>\n\t\t<\/div>\n\t\t\t\t\t<\/div>\n\t\t<\/header>\n\t\t\t\t<section class=\"elementor-section elementor-top-section elementor-element elementor-element-6995da3b elementor-section-height-min-height elementor-section-content-middle elementor-section-full_width elementor-section-height-default elementor-section-items-middle\" data-id=\"6995da3b\" data-element_type=\"section\" data-e-type=\"section\" data-settings=\"{&quot;background_background&quot;:&quot;classic&quot;}\">\n\t\t\t\t\t\t\t<div class=\"elementor-background-overlay\"><\/div>\n\t\t\t\t\t\t\t<div class=\"elementor-container elementor-column-gap-no\">\n\t\t\t\t\t<div class=\"elementor-column elementor-col-100 elementor-top-column elementor-element elementor-element-2c77d0a7\" data-id=\"2c77d0a7\" data-element_type=\"column\" data-e-type=\"column\">\n\t\t\t<div class=\"elementor-widget-wrap elementor-element-populated\">\n\t\t\t\t\t\t<div class=\"elementor-element elementor-element-1e939cb2 elementor-widget elementor-widget-heading\" data-id=\"1e939cb2\" data-element_type=\"widget\" data-e-type=\"widget\" data-widget_type=\"heading.default\">\n\t\t\t\t<div class=\"elementor-widget-container\">\n\t\t\t\t\t<h1 class=\"elementor-heading-title elementor-size-default\">Legal Policy<\/h1>\t\t\t\t<\/div>\n\t\t\t\t<\/div>\n\t\t\t\t\t<\/div>\n\t\t<\/div>\n\t\t\t\t\t<\/div>\n\t\t<\/section>\n\t\t\t\t<section class=\"elementor-section elementor-top-section elementor-element elementor-element-526391e elementor-section-boxed elementor-section-height-default elementor-section-height-default\" data-id=\"526391e\" data-element_type=\"section\" data-e-type=\"section\">\n\t\t\t\t\t\t<div class=\"elementor-container elementor-column-gap-default\">\n\t\t\t\t\t<div class=\"elementor-column elementor-col-100 elementor-top-column elementor-element elementor-element-1478b34d\" data-id=\"1478b34d\" data-element_type=\"column\" data-e-type=\"column\">\n\t\t\t<div class=\"elementor-widget-wrap\">\n\t\t\t\t\t\t\t<\/div>\n\t\t<\/div>\n\t\t\t\t\t<\/div>\n\t\t<\/section>\n\t\t\t\t<section class=\"elementor-section elementor-top-section elementor-element elementor-element-7ae8f11 elementor-section-boxed elementor-section-height-default elementor-section-height-default\" data-id=\"7ae8f11\" data-element_type=\"section\" data-e-type=\"section\">\n\t\t\t\t\t\t<div class=\"elementor-container elementor-column-gap-default\">\n\t\t\t\t\t<div class=\"elementor-column elementor-col-100 elementor-top-column elementor-element elementor-element-bf746a4\" data-id=\"bf746a4\" data-element_type=\"column\" data-e-type=\"column\">\n\t\t\t<div class=\"elementor-widget-wrap elementor-element-populated\">\n\t\t\t\t\t\t<div class=\"elementor-element elementor-element-4715fb9 elementor-widget elementor-widget-text-editor\" data-id=\"4715fb9\" data-element_type=\"widget\" data-e-type=\"widget\" data-widget_type=\"text-editor.default\">\n\t\t\t\t<div class=\"elementor-widget-container\">\n\t\t\t\t\t\t\t\t\t<h2>1. Mentions l\u00e9gales<\/h2><p>Le pr\u00e9sent site <strong><a href=\"https:\/\/laurine-mahoungou.fr\/en\/\" target=\"_new\" rel=\"noopener\">https:\/\/laurine-mahoungou.fr\/<\/a><\/strong> est la propri\u00e9t\u00e9 de la soci\u00e9t\u00e9 Laurine MAHOUNGOU dont le si\u00e8ge social est situ\u00e9 au 30 rue Claude Nicolas Ledoux, 94000, Cr\u00e9teil, FRANCE.\u00a0<\/p><p>Informations sur la micro-entreprise :<\/p><p><strong>Forme juridique<\/strong> : Micro-entreprise<br \/><strong>SIRET<\/strong> : 81398489500033<br \/><strong>Email<\/strong> : contact@laurine-mahoungou.fr<br \/><strong>Directeur de la publication<\/strong> : Laurine Mahoungou<\/p><h2><strong>2. H\u00e9bergement du site<\/strong><\/h2><p>Le site <strong><a href=\"https:\/\/laurine-mahoungou.fr\/en\/\" target=\"_new\" rel=\"noopener\">https:\/\/laurine-mahoungou.fr\/<\/a><\/strong> est h\u00e9berg\u00e9 par la soci\u00e9t\u00e9 : IONOS\u00a0<\/p><p><strong>Adresse<\/strong> : 7 Pl. de la gare, 57200, Sarreguemines, FRANCE.\u00a0<\/p><h2><strong>3. Propri\u00e9t\u00e9 intellectuelle<\/strong><\/h2><p>L\u2019ensemble des \u00e9l\u00e9ments pr\u00e9sents sur le site <strong><a href=\"https:\/\/laurine-mahoungou.fr\/en\/\" target=\"_new\" rel=\"noopener\">https:\/\/laurine-mahoungou.fr\/<\/a><\/strong>, notamment les textes, images, graphismes, logos, ic\u00f4nes, sons, logiciels, sont la propri\u00e9t\u00e9 exclusive de <strong>Laurine Mahoungou<\/strong> ou de leurs auteurs respectifs. Toute reproduction, distribution, modification, adaptation, retransmission ou publication de ces \u00e9l\u00e9ments est strictement interdite sans l&rsquo;accord expr\u00e8s par \u00e9crit de <strong>Laurine Mahoungou<\/strong>.<\/p><p>Toute exploitation non autoris\u00e9e du site ou de l&rsquo;un quelconque des \u00e9l\u00e9ments qu&rsquo;il contient pourra \u00eatre consid\u00e9r\u00e9e comme constitutive d&rsquo;une contrefa\u00e7on et poursuivie conform\u00e9ment aux dispositions des articles <strong>L.335-2 et suivants du Code de la Propri\u00e9t\u00e9 Intellectuelle<\/strong>.<\/p><h2><strong>4. Donn\u00e9es personnelles<\/strong><\/h2><p>Conform\u00e9ment \u00e0 la loi <strong>Informatique et Libert\u00e9s<\/strong> du 6 janvier 1978 modifi\u00e9e, et au <strong>R\u00e8glement G\u00e9n\u00e9ral sur la Protection des Donn\u00e9es (RGPD)<\/strong> entr\u00e9 en vigueur le 25 mai 2018, vous disposez d&rsquo;un droit d&rsquo;acc\u00e8s, de modification, de rectification et de suppression des donn\u00e9es qui vous concernent.<\/p><p>Pour exercer ces droits, vous pouvez contacter le responsable du traitement des donn\u00e9es personnelles :<\/p><ul><li><strong>Responsable du traitement<\/strong> : Laurine Mahoungou<\/li><li><strong>Email<\/strong> : contact@laurine-mahoungou.fr<\/li><\/ul><p>Les informations collect\u00e9es sur ce site sont utilis\u00e9es exclusivement dans le cadre de la gestion des demandes de contact et ne sont en aucun cas transmises \u00e0 des tiers sans votre consentement.<\/p><h2><strong>5. Cookies<\/strong><\/h2><p>Le site <strong><a href=\"https:\/\/laurine-mahoungou.fr\/en\/\" target=\"_new\" rel=\"noopener\">https:\/\/laurine-mahoungou.fr\/<\/a><\/strong> utilise des cookies pour am\u00e9liorer l\u2019exp\u00e9rience utilisateur et \u00e0 des fins de mesure d\u2019audience. Vous avez la possibilit\u00e9 de d\u00e9sactiver les cookies en modifiant les param\u00e8tres de votre navigateur.<\/p><h2><strong>6. Limitation de responsabilit\u00e9<\/strong><\/h2><p>Le contenu du site <strong><a href=\"https:\/\/laurine-mahoungou.fr\/en\/\" target=\"_new\" rel=\"noopener\">https:\/\/laurine-mahoungou.fr\/<\/a><\/strong> est fourni \u00e0 titre informatif. <strong>Laurine Mahoungou<\/strong> s\u2019efforce de maintenir \u00e0 jour et exactes les informations diffus\u00e9es sur le site, mais d\u00e9cline toute responsabilit\u00e9 pour toute inexactitude, omission ou absence de mise \u00e0 jour des informations.<\/p><p>L\u2019utilisateur utilise le site <strong><a href=\"https:\/\/laurine-mahoungou.fr\/en\/\" target=\"_new\" rel=\"noopener\">https:\/\/laurine-mahoungou.fr\/<\/a><\/strong> sous sa seule et enti\u00e8re responsabilit\u00e9. <strong>Laurine Mahoungou<\/strong> ne saurait \u00eatre tenue responsable de tout dommage direct ou indirect r\u00e9sultant de l\u2019acc\u00e8s ou de l\u2019utilisation du site, ou des informations y figurant.<\/p><h2><strong>7. Liens hypertextes<\/strong><\/h2><p>Le site <strong><a href=\"https:\/\/laurine-mahoungou.fr\/en\/\" target=\"_new\" rel=\"noopener\">https:\/\/laurine-mahoungou.fr\/<\/a><\/strong> peut contenir des liens hypertextes vers d&rsquo;autres sites. <strong>Laurine Mahoungou<\/strong> n&rsquo;est pas responsable du contenu ou des pratiques de ces sites tiers et d\u00e9cline toute responsabilit\u00e9 \u00e0 cet \u00e9gard.<\/p><h2><strong>8. Droit applicable<\/strong><\/h2><p>Les pr\u00e9sentes mentions l\u00e9gales sont r\u00e9gies par le droit fran\u00e7ais. Tout litige relatif \u00e0 l\u2019utilisation du site <strong><a href=\"https:\/\/laurine-mahoungou.fr\/en\/\" target=\"_new\" rel=\"noopener\">https:\/\/laurine-mahoungou.fr\/<\/a><\/strong> sera soumis \u00e0 la comp\u00e9tence exclusive des tribunaux fran\u00e7ais.<\/p>\t\t\t\t\t\t\t\t<\/div>\n\t\t\t\t<\/div>\n\t\t\t\t\t<\/div>\n\t\t<\/div>\n\t\t\t\t\t<\/div>\n\t\t<\/section>\n\t\t\t\t<\/div>","protected":false},"excerpt":{"rendered":"<p>Mentions l\u00e9gales 1. Mentions l\u00e9gales Le pr\u00e9sent site https:\/\/laurine-mahoungou.fr\/ est la propri\u00e9t\u00e9 de la soci\u00e9t\u00e9 Laurine MAHOUNGOU dont le si\u00e8ge [&hellip;]<\/p>\n","protected":false},"author":1,"featured_media":0,"parent":0,"menu_order":0,"comment_status":"closed","ping_status":"closed","template":"","meta":{"site-sidebar-layout":"no-sidebar","site-content-layout":"page-builder","ast-site-content-layout":"full-width-container","site-content-style":"default","site-sidebar-style":"default","ast-global-header-display":"","ast-banner-title-visibility":"","ast-main-header-display":"","ast-hfb-above-header-display":"","ast-hfb-below-header-display":"","ast-hfb-mobile-header-display":"","site-post-title":"disabled","ast-breadcrumbs-content":"","ast-featured-img":"disabled","footer-sml-layout":"","ast-disable-related-posts":"","theme-transparent-header-meta":"","adv-header-id-meta":"","stick-header-meta":"","header-above-stick-meta":"","header-main-stick-meta":"","header-below-stick-meta":"","astra-migrate-meta-layouts":"set","ast-page-background-enabled":"default","ast-page-background-meta":{"desktop":{"background-color":"var(--ast-global-color-4)","background-image":"","background-repeat":"repeat","background-position":"center center","background-size":"auto","background-attachment":"scroll","background-type":"","background-media":"","overlay-type":"","overlay-color":"","overlay-opacity":"","overlay-gradient":""},"tablet":{"background-color":"","background-image":"","background-repeat":"repeat","background-position":"center center","background-size":"auto","background-attachment":"scroll","background-type":"","background-media":"","overlay-type":"","overlay-color":"","overlay-opacity":"","overlay-gradient":""},"mobile":{"background-color":"","background-image":"","background-repeat":"repeat","background-position":"center center","background-size":"auto","background-attachment":"scroll","background-type":"","background-media":"","overlay-type":"","overlay-color":"","overlay-opacity":"","overlay-gradient":""}},"ast-content-background-meta":{"desktop":{"background-color":"var(--ast-global-color-5)","background-image":"","background-repeat":"repeat","background-position":"center center","background-size":"auto","background-attachment":"scroll","background-type":"","background-media":"","overlay-type":"","overlay-color":"","overlay-opacity":"","overlay-gradient":""},"tablet":{"background-color":"var(--ast-global-color-5)","background-image":"","background-repeat":"repeat","background-position":"center center","background-size":"auto","background-attachment":"scroll","background-type":"","background-media":"","overlay-type":"","overlay-color":"","overlay-opacity":"","overlay-gradient":""},"mobile":{"background-color":"var(--ast-global-color-5)","background-image":"","background-repeat":"repeat","background-position":"center center","background-size":"auto","background-attachment":"scroll","background-type":"","background-media":"","overlay-type":"","overlay-color":"","overlay-opacity":"","overlay-gradient":""}},"footnotes":""},"class_list":["post-573","page","type-page","status-publish","hentry"],"yoast_head":"<!-- This site is optimized with the Yoast SEO plugin v27.5 - https:\/\/yoast.com\/product\/yoast-seo-wordpress\/ -->\n<title>Mentions l\u00e9gales - Webmaster freelance | Cr&eacute;ation de site internet<\/title>\n<meta name=\"robots\" content=\"index, follow, max-snippet:-1, max-image-preview:large, max-video-preview:-1\" \/>\n<link rel=\"canonical\" href=\"https:\/\/laurine-mahoungou.fr\/en\/mentions-legales\/\" \/>\n<meta property=\"og:locale\" content=\"en_US\" \/>\n<meta property=\"og:type\" content=\"article\" \/>\n<meta property=\"og:title\" content=\"Mentions l\u00e9gales - Webmaster freelance | Cr&eacute;ation de site internet\" \/>\n<meta property=\"og:description\" content=\"Mentions l\u00e9gales 1. Mentions l\u00e9gales Le pr\u00e9sent site https:\/\/laurine-mahoungou.fr\/ est la propri\u00e9t\u00e9 de la soci\u00e9t\u00e9 Laurine MAHOUNGOU dont le si\u00e8ge [&hellip;]\" \/>\n<meta property=\"og:url\" content=\"https:\/\/laurine-mahoungou.fr\/en\/mentions-legales\/\" \/>\n<meta property=\"og:site_name\" content=\"Webmaster freelance | Cr&eacute;ation de site internet\" \/>\n<meta property=\"article:modified_time\" content=\"2024-10-02T12:08:29+00:00\" \/>\n<meta name=\"twitter:card\" content=\"summary_large_image\" \/>\n<meta name=\"twitter:label1\" content=\"Est. reading time\" \/>\n\t<meta name=\"twitter:data1\" content=\"3 minutes\" \/>\n<script type=\"application\/ld+json\" class=\"yoast-schema-graph\">{\"@context\":\"https:\\\/\\\/schema.org\",\"@graph\":[{\"@type\":\"WebPage\",\"@id\":\"https:\\\/\\\/laurine-mahoungou.fr\\\/mentions-legales\\\/\",\"url\":\"https:\\\/\\\/laurine-mahoungou.fr\\\/mentions-legales\\\/\",\"name\":\"Mentions l\u00e9gales - Webmaster freelance | Cr&eacute;ation de site internet\",\"isPartOf\":{\"@id\":\"https:\\\/\\\/laurine-mahoungou.fr\\\/#website\"},\"datePublished\":\"2024-10-02T10:17:10+00:00\",\"dateModified\":\"2024-10-02T12:08:29+00:00\",\"breadcrumb\":{\"@id\":\"https:\\\/\\\/laurine-mahoungou.fr\\\/mentions-legales\\\/#breadcrumb\"},\"inLanguage\":\"en-US\",\"potentialAction\":[{\"@type\":\"ReadAction\",\"target\":[\"https:\\\/\\\/laurine-mahoungou.fr\\\/mentions-legales\\\/\"]}]},{\"@type\":\"BreadcrumbList\",\"@id\":\"https:\\\/\\\/laurine-mahoungou.fr\\\/mentions-legales\\\/#breadcrumb\",\"itemListElement\":[{\"@type\":\"ListItem\",\"position\":1,\"name\":\"Home\",\"item\":\"https:\\\/\\\/laurine-mahoungou.fr\\\/\"},{\"@type\":\"ListItem\",\"position\":2,\"name\":\"Mentions l\u00e9gales\"}]},{\"@type\":\"WebSite\",\"@id\":\"https:\\\/\\\/laurine-mahoungou.fr\\\/#website\",\"url\":\"https:\\\/\\\/laurine-mahoungou.fr\\\/\",\"name\":\"Laurine Mahoungou - Digital Marketing Consulting\",\"description\":\"Webmaster et consultante en strat&eacute;gie digitale, faites-vous accompagner dans le d&eacute;veloppement de vos projets\",\"publisher\":{\"@id\":\"https:\\\/\\\/laurine-mahoungou.fr\\\/#organization\"},\"potentialAction\":[{\"@type\":\"SearchAction\",\"target\":{\"@type\":\"EntryPoint\",\"urlTemplate\":\"https:\\\/\\\/laurine-mahoungou.fr\\\/?s={search_term_string}\"},\"query-input\":{\"@type\":\"PropertyValueSpecification\",\"valueRequired\":true,\"valueName\":\"search_term_string\"}}],\"inLanguage\":\"en-US\"},{\"@type\":\"Organization\",\"@id\":\"https:\\\/\\\/laurine-mahoungou.fr\\\/#organization\",\"name\":\"Laurine Mahoungou - Digital Marketing Consulting\",\"url\":\"https:\\\/\\\/laurine-mahoungou.fr\\\/\",\"logo\":{\"@type\":\"ImageObject\",\"inLanguage\":\"en-US\",\"@id\":\"https:\\\/\\\/laurine-mahoungou.fr\\\/#\\\/schema\\\/logo\\\/image\\\/\",\"url\":\"https:\\\/\\\/laurine-mahoungou.fr\\\/wp-content\\\/uploads\\\/2023\\\/08\\\/Logo-Laurine-MAHOUNGOU-Webmaster-freelance-e1727868429894.png\",\"contentUrl\":\"https:\\\/\\\/laurine-mahoungou.fr\\\/wp-content\\\/uploads\\\/2023\\\/08\\\/Logo-Laurine-MAHOUNGOU-Webmaster-freelance-e1727868429894.png\",\"width\":400,\"height\":400,\"caption\":\"Laurine Mahoungou - Digital Marketing Consulting\"},\"image\":{\"@id\":\"https:\\\/\\\/laurine-mahoungou.fr\\\/#\\\/schema\\\/logo\\\/image\\\/\"}}]}<\/script>\n<!-- \/ Yoast SEO plugin. -->","yoast_head_json":{"title":"Mentions l\u00e9gales - Webmaster freelance | Cr&eacute;ation de site internet","robots":{"index":"index","follow":"follow","max-snippet":"max-snippet:-1","max-image-preview":"max-image-preview:large","max-video-preview":"max-video-preview:-1"},"canonical":"https:\/\/laurine-mahoungou.fr\/en\/mentions-legales\/","og_locale":"en_US","og_type":"article","og_title":"Mentions l\u00e9gales - Webmaster freelance | Cr&eacute;ation de site internet","og_description":"Mentions l\u00e9gales 1. Mentions l\u00e9gales Le pr\u00e9sent site https:\/\/laurine-mahoungou.fr\/ est la propri\u00e9t\u00e9 de la soci\u00e9t\u00e9 Laurine MAHOUNGOU dont le si\u00e8ge [&hellip;]","og_url":"https:\/\/laurine-mahoungou.fr\/en\/mentions-legales\/","og_site_name":"Webmaster freelance | Cr&eacute;ation de site internet","article_modified_time":"2024-10-02T12:08:29+00:00","twitter_card":"summary_large_image","twitter_misc":{"Est. reading time":"3 minutes"},"schema":{"@context":"https:\/\/schema.org","@graph":[{"@type":"WebPage","@id":"https:\/\/laurine-mahoungou.fr\/mentions-legales\/","url":"https:\/\/laurine-mahoungou.fr\/mentions-legales\/","name":"Mentions l\u00e9gales - Webmaster freelance | Cr&eacute;ation de site internet","isPartOf":{"@id":"https:\/\/laurine-mahoungou.fr\/#website"},"datePublished":"2024-10-02T10:17:10+00:00","dateModified":"2024-10-02T12:08:29+00:00","breadcrumb":{"@id":"https:\/\/laurine-mahoungou.fr\/mentions-legales\/#breadcrumb"},"inLanguage":"en-US","potentialAction":[{"@type":"ReadAction","target":["https:\/\/laurine-mahoungou.fr\/mentions-legales\/"]}]},{"@type":"BreadcrumbList","@id":"https:\/\/laurine-mahoungou.fr\/mentions-legales\/#breadcrumb","itemListElement":[{"@type":"ListItem","position":1,"name":"Home","item":"https:\/\/laurine-mahoungou.fr\/"},{"@type":"ListItem","position":2,"name":"Mentions l\u00e9gales"}]},{"@type":"WebSite","@id":"https:\/\/laurine-mahoungou.fr\/#website","url":"https:\/\/laurine-mahoungou.fr\/","name":"Laurine Mahoungou - Digital Marketing Consulting","description":"Webmaster et consultante en strat&eacute;gie digitale, faites-vous accompagner dans le d&eacute;veloppement de vos projets","publisher":{"@id":"https:\/\/laurine-mahoungou.fr\/#organization"},"potentialAction":[{"@type":"SearchAction","target":{"@type":"EntryPoint","urlTemplate":"https:\/\/laurine-mahoungou.fr\/?s={search_term_string}"},"query-input":{"@type":"PropertyValueSpecification","valueRequired":true,"valueName":"search_term_string"}}],"inLanguage":"en-US"},{"@type":"Organization","@id":"https:\/\/laurine-mahoungou.fr\/#organization","name":"Laurine Mahoungou - Digital Marketing Consulting","url":"https:\/\/laurine-mahoungou.fr\/","logo":{"@type":"ImageObject","inLanguage":"en-US","@id":"https:\/\/laurine-mahoungou.fr\/#\/schema\/logo\/image\/","url":"https:\/\/laurine-mahoungou.fr\/wp-content\/uploads\/2023\/08\/Logo-Laurine-MAHOUNGOU-Webmaster-freelance-e1727868429894.png","contentUrl":"https:\/\/laurine-mahoungou.fr\/wp-content\/uploads\/2023\/08\/Logo-Laurine-MAHOUNGOU-Webmaster-freelance-e1727868429894.png","width":400,"height":400,"caption":"Laurine Mahoungou - Digital Marketing Consulting"},"image":{"@id":"https:\/\/laurine-mahoungou.fr\/#\/schema\/logo\/image\/"}}]}},"_links":{"self":[{"href":"https:\/\/laurine-mahoungou.fr\/en\/wp-json\/wp\/v2\/pages\/573","targetHints":{"allow":["GET"]}}],"collection":[{"href":"https:\/\/laurine-mahoungou.fr\/en\/wp-json\/wp\/v2\/pages"}],"about":[{"href":"https:\/\/laurine-mahoungou.fr\/en\/wp-json\/wp\/v2\/types\/page"}],"author":[{"embeddable":true,"href":"https:\/\/laurine-mahoungou.fr\/en\/wp-json\/wp\/v2\/users\/1"}],"replies":[{"embeddable":true,"href":"https:\/\/laurine-mahoungou.fr\/en\/wp-json\/wp\/v2\/comments?post=573"}],"version-history":[{"count":15,"href":"https:\/\/laurine-mahoungou.fr\/en\/wp-json\/wp\/v2\/pages\/573\/revisions"}],"predecessor-version":[{"id":653,"href":"https:\/\/laurine-mahoungou.fr\/en\/wp-json\/wp\/v2\/pages\/573\/revisions\/653"}],"wp:attachment":[{"href":"https:\/\/laurine-mahoungou.fr\/en\/wp-json\/wp\/v2\/media?parent=573"}],"curies":[{"name":"wp","href":"https:\/\/api.w.org\/{rel}","templated":true}]}}